{"id":43,"date":"2019-02-15T00:22:16","date_gmt":"2019-02-15T00:22:16","guid":{"rendered":"http:\/\/checkarell.de\/?page_id=43"},"modified":"2025-01-20T13:31:02","modified_gmt":"2025-01-20T13:31:02","slug":"pictures","status":"publish","type":"page","link":"https:\/\/checkarell.de\/?page_id=43","title":{"rendered":"Pictures"},"content":{"rendered":"\t\t<div data-elementor-type=\"wp-post\" data-elementor-id=\"43\" class=\"elementor elementor-43\">\n\t\t\t\t\t\t<section class=\"elementor-section elementor-top-section elementor-element elementor-element-f66aae8 elementor-section-boxed elementor-section-height-default elementor-section-height-default\" data-id=\"f66aae8\" data-element_type=\"section\">\n\t\t\t\t\t\t<div class=\"elementor-container elementor-column-gap-default\">\n\t\t\t\t\t<div class=\"elementor-column elementor-col-100 elementor-top-column elementor-element elementor-element-74e4862\" data-id=\"74e4862\" data-element_type=\"column\">\n\t\t\t<div class=\"elementor-widget-wrap elementor-element-populated\">\n\t\t\t\t\t\t<div class=\"elementor-element elementor-element-7398862 elementor-widget elementor-widget-text-editor\" data-id=\"7398862\" data-element_type=\"widget\" data-widget_type=\"text-editor.default\">\n\t\t\t\t<div class=\"elementor-widget-container\">\n\t\t\t\t\t\t\t\t\t<p><b>Checkarell macht neben journalistischen Beitr\u00e4gen f\u00fcr die Presse und Imagefilmen f\u00fcr Unternehmen auch professionelle Fotos auf Veranstaltungen und Partys.<\/b><\/p>\t\t\t\t\t\t\t\t<\/div>\n\t\t\t\t<\/div>\n\t\t\t\t\t<\/div>\n\t\t<\/div>\n\t\t\t\t\t<\/div>\n\t\t<\/section>\n\t\t\t\t<section class=\"elementor-section elementor-top-section elementor-element elementor-element-913c05b elementor-section-boxed elementor-section-height-default elementor-section-height-default\" data-id=\"913c05b\" data-element_type=\"section\">\n\t\t\t\t\t\t<div class=\"elementor-container elementor-column-gap-default\">\n\t\t\t\t\t<div class=\"elementor-column elementor-col-100 elementor-top-column elementor-element elementor-element-4fe0942\" data-id=\"4fe0942\" data-element_type=\"column\">\n\t\t\t<div class=\"elementor-widget-wrap elementor-element-populated\">\n\t\t\t\t\t\t<div class=\"elementor-element elementor-element-df1bde0 elementor-widget elementor-widget-spacer\" data-id=\"df1bde0\" data-element_type=\"widget\" data-widget_type=\"spacer.default\">\n\t\t\t\t<div class=\"elementor-widget-container\">\n\t\t\t\t\t\t\t<div class=\"elementor-spacer\">\n\t\t\t<div class=\"elementor-spacer-inner\"><\/div>\n\t\t<\/div>\n\t\t\t\t\t\t<\/div>\n\t\t\t\t<\/div>\n\t\t\t\t\t<\/div>\n\t\t<\/div>\n\t\t\t\t\t<\/div>\n\t\t<\/section>\n\t\t\t\t<section class=\"elementor-section elementor-top-section elementor-element elementor-element-89532d3 elementor-section-boxed elementor-section-height-default elementor-section-height-default\" data-id=\"89532d3\" data-element_type=\"section\">\n\t\t\t\t\t\t<div class=\"elementor-container elementor-column-gap-default\">\n\t\t\t\t\t<div class=\"elementor-column elementor-col-100 elementor-top-column elementor-element elementor-element-25ae20a\" data-id=\"25ae20a\" data-element_type=\"column\">\n\t\t\t<div class=\"elementor-widget-wrap elementor-element-populated\">\n\t\t\t\t\t\t<div class=\"elementor-element elementor-element-9756a12 elementor-widget elementor-widget-text-editor\" data-id=\"9756a12\" data-element_type=\"widget\" data-widget_type=\"text-editor.default\">\n\t\t\t\t<div class=\"elementor-widget-container\">\n\t\t\t\t\t\t\t\t\t<p><span style=\"letter-spacing: 0px;\">Karneval\u00a0<\/span><span style=\"letter-spacing: 0px;\">im Penn-Zelt auf dem Katschhof in Aachen:<\/span><\/p>\t\t\t\t\t\t\t\t<\/div>\n\t\t\t\t<\/div>\n\t\t\t\t\t<\/div>\n\t\t<\/div>\n\t\t\t\t\t<\/div>\n\t\t<\/section>\n\t\t\t\t<section class=\"elementor-section elementor-top-section elementor-element elementor-element-08c6baa elementor-section-boxed elementor-section-height-default elementor-section-height-default\" data-id=\"08c6baa\" data-element_type=\"section\">\n\t\t\t\t\t\t<div class=\"elementor-container elementor-column-gap-default\">\n\t\t\t\t\t<div class=\"elementor-column elementor-col-100 elementor-top-column elementor-element elementor-element-830b134\" data-id=\"830b134\" data-element_type=\"column\">\n\t\t\t<div class=\"elementor-widget-wrap elementor-element-populated\">\n\t\t\t\t\t\t<div class=\"elementor-element elementor-element-2e1bbdd elementor-widget elementor-widget-image\" data-id=\"2e1bbdd\" data-element_type=\"widget\" data-widget_type=\"image.default\">\n\t\t\t\t<div class=\"elementor-widget-container\">\n\t\t\t\t\t\t\t\t\t\t\t\t\t\t\t\t<a href=\"https:\/\/www.facebook.com\/checkarell\/photos\/a.2042288032515472\/2042288472515428\/?type=3&#038;theater\">\n\t\t\t\t\t\t\t<img fetchpriority=\"high\" decoding=\"async\" width=\"960\" height=\"640\" src=\"https:\/\/checkarell.de\/wp-content\/uploads\/2020\/07\/1.jpg\" class=\"attachment-large size-large wp-image-571\" alt=\"\" srcset=\"https:\/\/checkarell.de\/wp-content\/uploads\/2020\/07\/1.jpg 960w, https:\/\/checkarell.de\/wp-content\/uploads\/2020\/07\/1-600x400.jpg 600w, https:\/\/checkarell.de\/wp-content\/uploads\/2020\/07\/1-300x200.jpg 300w, https:\/\/checkarell.de\/wp-content\/uploads\/2020\/07\/1-768x512.jpg 768w\" sizes=\"(max-width: 960px) 100vw, 960px\" \/>\t\t\t\t\t\t\t\t<\/a>\n\t\t\t\t\t\t\t\t\t\t\t\t\t\t\t<\/div>\n\t\t\t\t<\/div>\n\t\t\t\t\t<\/div>\n\t\t<\/div>\n\t\t\t\t\t<\/div>\n\t\t<\/section>\n\t\t\t\t<section class=\"elementor-section elementor-top-section elementor-element elementor-element-11a1bd0 elementor-section-boxed elementor-section-height-default elementor-section-height-default\" data-id=\"11a1bd0\" data-element_type=\"section\">\n\t\t\t\t\t\t<div class=\"elementor-container elementor-column-gap-default\">\n\t\t\t\t\t<div class=\"elementor-column elementor-col-100 elementor-top-column elementor-element elementor-element-6c9ecc3\" data-id=\"6c9ecc3\" data-element_type=\"column\">\n\t\t\t<div class=\"elementor-widget-wrap elementor-element-populated\">\n\t\t\t\t\t\t<div class=\"elementor-element elementor-element-d726108 elementor-widget elementor-widget-spacer\" data-id=\"d726108\" data-element_type=\"widget\" data-widget_type=\"spacer.default\">\n\t\t\t\t<div class=\"elementor-widget-container\">\n\t\t\t\t\t\t\t<div class=\"elementor-spacer\">\n\t\t\t<div class=\"elementor-spacer-inner\"><\/div>\n\t\t<\/div>\n\t\t\t\t\t\t<\/div>\n\t\t\t\t<\/div>\n\t\t\t\t\t<\/div>\n\t\t<\/div>\n\t\t\t\t\t<\/div>\n\t\t<\/section>\n\t\t\t\t<section class=\"elementor-section elementor-top-section elementor-element elementor-element-ca60edc elementor-section-boxed elementor-section-height-default elementor-section-height-default\" data-id=\"ca60edc\" data-element_type=\"section\">\n\t\t\t\t\t\t<div class=\"elementor-container elementor-column-gap-default\">\n\t\t\t\t\t<div class=\"elementor-column elementor-col-100 elementor-top-column elementor-element elementor-element-4b0dfd3\" data-id=\"4b0dfd3\" data-element_type=\"column\">\n\t\t\t<div class=\"elementor-widget-wrap elementor-element-populated\">\n\t\t\t\t\t\t<div class=\"elementor-element elementor-element-115c7e3 elementor-widget elementor-widget-text-editor\" data-id=\"115c7e3\" data-element_type=\"widget\" data-widget_type=\"text-editor.default\">\n\t\t\t\t<div class=\"elementor-widget-container\">\n\t\t\t\t\t\t\t\t\t<p><span style=\"caret-color: rgb(255, 255, 255); letter-spacing: 0px;\">&#8222;Erstiparty&#8220; der Westf\u00e4lischen Hochschule in Gelsenkirchen:<\/span><br><\/p>\t\t\t\t\t\t\t\t<\/div>\n\t\t\t\t<\/div>\n\t\t\t\t\t<\/div>\n\t\t<\/div>\n\t\t\t\t\t<\/div>\n\t\t<\/section>\n\t\t\t\t<section class=\"elementor-section elementor-top-section elementor-element elementor-element-0c30001 elementor-section-boxed elementor-section-height-default elementor-section-height-default\" data-id=\"0c30001\" data-element_type=\"section\">\n\t\t\t\t\t\t<div class=\"elementor-container elementor-column-gap-default\">\n\t\t\t\t\t<div class=\"elementor-column elementor-col-100 elementor-top-column elementor-element elementor-element-1b4b03e\" data-id=\"1b4b03e\" data-element_type=\"column\">\n\t\t\t<div class=\"elementor-widget-wrap elementor-element-populated\">\n\t\t\t\t\t\t<div class=\"elementor-element elementor-element-34f05f3 elementor-widget elementor-widget-image\" data-id=\"34f05f3\" data-element_type=\"widget\" data-widget_type=\"image.default\">\n\t\t\t\t<div class=\"elementor-widget-container\">\n\t\t\t\t\t\t\t\t\t\t\t\t\t\t\t\t<a href=\"https:\/\/www.facebook.com\/asta.wh\/photos\/a.2325512717521179\/2325517310854053\/?type=3&#038;theater\">\n\t\t\t\t\t\t\t<img decoding=\"async\" width=\"960\" height=\"640\" src=\"https:\/\/checkarell.de\/wp-content\/uploads\/2020\/07\/2.jpg\" class=\"attachment-large size-large wp-image-573\" alt=\"\" srcset=\"https:\/\/checkarell.de\/wp-content\/uploads\/2020\/07\/2.jpg 960w, https:\/\/checkarell.de\/wp-content\/uploads\/2020\/07\/2-600x400.jpg 600w, https:\/\/checkarell.de\/wp-content\/uploads\/2020\/07\/2-300x200.jpg 300w, https:\/\/checkarell.de\/wp-content\/uploads\/2020\/07\/2-768x512.jpg 768w\" sizes=\"(max-width: 960px) 100vw, 960px\" \/>\t\t\t\t\t\t\t\t<\/a>\n\t\t\t\t\t\t\t\t\t\t\t\t\t\t\t<\/div>\n\t\t\t\t<\/div>\n\t\t\t\t\t<\/div>\n\t\t<\/div>\n\t\t\t\t\t<\/div>\n\t\t<\/section>\n\t\t\t\t<section class=\"elementor-section elementor-top-section elementor-element elementor-element-fd18471 elementor-section-boxed elementor-section-height-default elementor-section-height-default\" data-id=\"fd18471\" data-element_type=\"section\">\n\t\t\t\t\t\t<div class=\"elementor-container elementor-column-gap-default\">\n\t\t\t\t\t<div class=\"elementor-column elementor-col-100 elementor-top-column elementor-element elementor-element-322aef8\" data-id=\"322aef8\" data-element_type=\"column\">\n\t\t\t<div class=\"elementor-widget-wrap elementor-element-populated\">\n\t\t\t\t\t\t<div class=\"elementor-element elementor-element-bcaa509 elementor-widget elementor-widget-spacer\" data-id=\"bcaa509\" data-element_type=\"widget\" data-widget_type=\"spacer.default\">\n\t\t\t\t<div class=\"elementor-widget-container\">\n\t\t\t\t\t\t\t<div class=\"elementor-spacer\">\n\t\t\t<div class=\"elementor-spacer-inner\"><\/div>\n\t\t<\/div>\n\t\t\t\t\t\t<\/div>\n\t\t\t\t<\/div>\n\t\t\t\t\t<\/div>\n\t\t<\/div>\n\t\t\t\t\t<\/div>\n\t\t<\/section>\n\t\t\t\t<section class=\"elementor-section elementor-top-section elementor-element elementor-element-ce1b3a7 elementor-section-boxed elementor-section-height-default elementor-section-height-default\" data-id=\"ce1b3a7\" data-element_type=\"section\">\n\t\t\t\t\t\t<div class=\"elementor-container elementor-column-gap-default\">\n\t\t\t\t\t<div class=\"elementor-column elementor-col-100 elementor-top-column elementor-element elementor-element-e33201b\" data-id=\"e33201b\" data-element_type=\"column\">\n\t\t\t<div class=\"elementor-widget-wrap elementor-element-populated\">\n\t\t\t\t\t\t<div class=\"elementor-element elementor-element-338f4d9 elementor-widget elementor-widget-text-editor\" data-id=\"338f4d9\" data-element_type=\"widget\" data-widget_type=\"text-editor.default\">\n\t\t\t\t<div class=\"elementor-widget-container\">\n\t\t\t\t\t\t\t\t\t<p><span style=\"caret-color: #ffffff; color: #ffffff; text-align: center;\">Von 2016 bis 2018 hat Checkarell die Partyfotos f\u00fcr den Radiosender &#8222;100,5 das Hitradio&#8220; gemacht:<\/span><\/p>\t\t\t\t\t\t\t\t<\/div>\n\t\t\t\t<\/div>\n\t\t\t\t\t<\/div>\n\t\t<\/div>\n\t\t\t\t\t<\/div>\n\t\t<\/section>\n\t\t\t\t<section class=\"elementor-section elementor-top-section elementor-element elementor-element-bf37741 elementor-section-boxed elementor-section-height-default elementor-section-height-default\" data-id=\"bf37741\" data-element_type=\"section\">\n\t\t\t\t\t\t<div class=\"elementor-container elementor-column-gap-default\">\n\t\t\t\t\t<div class=\"elementor-column elementor-col-100 elementor-top-column elementor-element elementor-element-cc4afeb\" data-id=\"cc4afeb\" data-element_type=\"column\">\n\t\t\t<div class=\"elementor-widget-wrap elementor-element-populated\">\n\t\t\t\t\t\t<div class=\"elementor-element elementor-element-019c763 elementor-widget elementor-widget-image\" data-id=\"019c763\" data-element_type=\"widget\" data-widget_type=\"image.default\">\n\t\t\t\t<div class=\"elementor-widget-container\">\n\t\t\t\t\t\t\t\t\t\t\t\t\t\t\t\t<a href=\"https:\/\/dashitradio.de\/fotos\/detail\/halloween-2017\/\">\n\t\t\t\t\t\t\t<img decoding=\"async\" width=\"960\" height=\"640\" src=\"https:\/\/checkarell.de\/wp-content\/uploads\/2020\/07\/3-1024x683.jpg\" class=\"attachment-large size-large wp-image-575\" alt=\"\" srcset=\"https:\/\/checkarell.de\/wp-content\/uploads\/2020\/07\/3-1024x683.jpg 1024w, https:\/\/checkarell.de\/wp-content\/uploads\/2020\/07\/3-600x400.jpg 600w, https:\/\/checkarell.de\/wp-content\/uploads\/2020\/07\/3-300x200.jpg 300w, https:\/\/checkarell.de\/wp-content\/uploads\/2020\/07\/3-768x512.jpg 768w, https:\/\/checkarell.de\/wp-content\/uploads\/2020\/07\/3-1536x1024.jpg 1536w, https:\/\/checkarell.de\/wp-content\/uploads\/2020\/07\/3-2048x1365.jpg 2048w, https:\/\/checkarell.de\/wp-content\/uploads\/2020\/07\/3-1140x760.jpg 1140w\" sizes=\"(max-width: 960px) 100vw, 960px\" \/>\t\t\t\t\t\t\t\t<\/a>\n\t\t\t\t\t\t\t\t\t\t\t\t\t\t\t<\/div>\n\t\t\t\t<\/div>\n\t\t\t\t\t<\/div>\n\t\t<\/div>\n\t\t\t\t\t<\/div>\n\t\t<\/section>\n\t\t\t\t<\/div>\n\t\t","protected":false},"excerpt":{"rendered":"<p>Checkarell macht neben journalistischen Beitr\u00e4gen f\u00fcr die Presse und Imagefilmen f\u00fcr Unternehmen auch professionelle Fotos auf Veranstaltungen und Partys. Karneval\u00a0im Penn-Zelt auf dem Katschhof in Aachen: &#8222;Erstiparty&#8220; der Westf\u00e4lischen Hochschule in Gelsenkirchen: Von 2016 bis 2018 hat Checkarell die Partyfotos f\u00fcr den Radiosender &#8222;100,5 das Hitradio&#8220; gemacht:<\/p>\n","protected":false},"author":1,"featured_media":0,"parent":0,"menu_order":0,"comment_status":"closed","ping_status":"closed","template":"","meta":{"two_page_speed":[],"footnotes":""},"_links":{"self":[{"href":"https:\/\/checkarell.de\/index.php?rest_route=\/wp\/v2\/pages\/43"}],"collection":[{"href":"https:\/\/checkarell.de\/index.php?rest_route=\/wp\/v2\/pages"}],"about":[{"href":"https:\/\/checkarell.de\/index.php?rest_route=\/wp\/v2\/types\/page"}],"author":[{"embeddable":true,"href":"https:\/\/checkarell.de\/index.php?rest_route=\/wp\/v2\/users\/1"}],"replies":[{"embeddable":true,"href":"https:\/\/checkarell.de\/index.php?rest_route=%2Fwp%2Fv2%2Fcomments&post=43"}],"version-history":[{"count":97,"href":"https:\/\/checkarell.de\/index.php?rest_route=\/wp\/v2\/pages\/43\/revisions"}],"predecessor-version":[{"id":1232,"href":"https:\/\/checkarell.de\/index.php?rest_route=\/wp\/v2\/pages\/43\/revisions\/1232"}],"wp:attachment":[{"href":"https:\/\/checkarell.de\/index.php?rest_route=%2Fwp%2Fv2%2Fmedia&parent=43"}],"curies":[{"name":"wp","href":"https:\/\/api.w.org\/{rel}","templated":true}]}}