{"id":42,"date":"2019-02-15T00:22:16","date_gmt":"2019-02-15T00:22:16","guid":{"rendered":"http:\/\/checkarell.de\/?page_id=42"},"modified":"2025-07-28T10:59:41","modified_gmt":"2025-07-28T10:59:41","slug":"videos","status":"publish","type":"page","link":"https:\/\/checkarell.de\/","title":{"rendered":"VIDEOS"},"content":{"rendered":"\t\t<div data-elementor-type=\"wp-post\" data-elementor-id=\"42\" class=\"elementor elementor-42\">\n\t\t\t\t\t\t<section class=\"elementor-section elementor-top-section elementor-element elementor-element-36bbc69b elementor-section-boxed elementor-section-height-default elementor-section-height-default\" data-id=\"36bbc69b\" data-element_type=\"section\">\n\t\t\t\t\t\t<div class=\"elementor-container elementor-column-gap-default\">\n\t\t\t\t\t<div class=\"elementor-column elementor-col-100 elementor-top-column elementor-element elementor-element-f01021c\" data-id=\"f01021c\" data-element_type=\"column\">\n\t\t\t<div class=\"elementor-widget-wrap elementor-element-populated\">\n\t\t\t\t\t\t<div class=\"elementor-element elementor-element-eaa9467 elementor-widget elementor-widget-text-editor\" data-id=\"eaa9467\" data-element_type=\"widget\" data-widget_type=\"text-editor.default\">\n\t\t\t\t<div class=\"elementor-widget-container\">\n\t\t\t\t\t\t\t\t\t<p><strong><span style=\"text-align: center;\">Checkarell ist Berlins verr\u00fccktester Videoproduzent und Journalist.<\/span><\/strong><\/p><p><strong><span style=\"text-align: center;\">ACHTUNG! DIESE VIDEOS MACHEN S\u00dcCHTIG!!!<\/span><\/strong><\/p>\t\t\t\t\t\t\t\t<\/div>\n\t\t\t\t<\/div>\n\t\t\t\t\t<\/div>\n\t\t<\/div>\n\t\t\t\t\t<\/div>\n\t\t<\/section>\n\t\t\t\t<section class=\"elementor-section elementor-top-section elementor-element elementor-element-22bcbe9 elementor-section-boxed elementor-section-height-default elementor-section-height-default\" data-id=\"22bcbe9\" data-element_type=\"section\">\n\t\t\t\t\t\t<div class=\"elementor-container elementor-column-gap-default\">\n\t\t\t\t\t<div class=\"elementor-column elementor-col-100 elementor-top-column elementor-element elementor-element-fe8cbe0\" data-id=\"fe8cbe0\" data-element_type=\"column\">\n\t\t\t<div class=\"elementor-widget-wrap elementor-element-populated\">\n\t\t\t\t\t\t<div class=\"elementor-element elementor-element-2691bb9 elementor-widget elementor-widget-text-editor\" data-id=\"2691bb9\" data-element_type=\"widget\" data-widget_type=\"text-editor.default\">\n\t\t\t\t<div class=\"elementor-widget-container\">\n\t\t\t\t\t\t\t\t\t<p style=\"text-align: center;\"><span style=\"color: #ffffff; letter-spacing: 0px;\">Checkarell ist von Berlin nach New York City gezischt, um unfassbare Videos zu produzieren.<\/span><\/p>\n<p style=\"text-align: center;\"><span style=\"color: #ffffff;\">Hier sind als Geheimtipp die TOP 10 Sehensw\u00fcrdigkeiten in New York City:<\/span><\/p>\t\t\t\t\t\t\t\t<\/div>\n\t\t\t\t<\/div>\n\t\t\t\t\t<\/div>\n\t\t<\/div>\n\t\t\t\t\t<\/div>\n\t\t<\/section>\n\t\t\t\t<section class=\"elementor-section elementor-top-section elementor-element elementor-element-2fd845c elementor-section-boxed elementor-section-height-default elementor-section-height-default\" data-id=\"2fd845c\" data-element_type=\"section\">\n\t\t\t\t\t\t<div class=\"elementor-container elementor-column-gap-default\">\n\t\t\t\t\t<div class=\"elementor-column elementor-col-100 elementor-top-column elementor-element elementor-element-87ca33a\" data-id=\"87ca33a\" data-element_type=\"column\">\n\t\t\t<div class=\"elementor-widget-wrap elementor-element-populated\">\n\t\t\t\t\t\t<div class=\"elementor-element elementor-element-69256be elementor-widget elementor-widget-video\" data-id=\"69256be\" data-element_type=\"widget\" data-settings=\"{&quot;youtube_url&quot;:&quot;https:\\\/\\\/www.youtube.com\\\/watch?v=lT8hsoOZMA0&quot;,&quot;video_type&quot;:&quot;youtube&quot;,&quot;controls&quot;:&quot;yes&quot;}\" data-widget_type=\"video.default\">\n\t\t\t\t<div class=\"elementor-widget-container\">\n\t\t\t\t\t\t\t<div class=\"elementor-wrapper elementor-open-inline\">\n\t\t\t<div class=\"elementor-video\"><\/div>\t\t<\/div>\n\t\t\t\t\t\t<\/div>\n\t\t\t\t<\/div>\n\t\t\t\t\t<\/div>\n\t\t<\/div>\n\t\t\t\t\t<\/div>\n\t\t<\/section>\n\t\t\t\t<section class=\"elementor-section elementor-top-section elementor-element elementor-element-c560835 elementor-section-boxed elementor-section-height-default elementor-section-height-default\" data-id=\"c560835\" data-element_type=\"section\">\n\t\t\t\t\t\t<div class=\"elementor-container elementor-column-gap-default\">\n\t\t\t\t\t<div class=\"elementor-column elementor-col-100 elementor-top-column elementor-element elementor-element-401a937\" data-id=\"401a937\" data-element_type=\"column\">\n\t\t\t<div class=\"elementor-widget-wrap elementor-element-populated\">\n\t\t\t\t\t\t<div class=\"elementor-element elementor-element-2fbae2f elementor-widget elementor-widget-spacer\" data-id=\"2fbae2f\" data-element_type=\"widget\" data-widget_type=\"spacer.default\">\n\t\t\t\t<div class=\"elementor-widget-container\">\n\t\t\t\t\t\t\t<div class=\"elementor-spacer\">\n\t\t\t<div class=\"elementor-spacer-inner\"><\/div>\n\t\t<\/div>\n\t\t\t\t\t\t<\/div>\n\t\t\t\t<\/div>\n\t\t\t\t\t<\/div>\n\t\t<\/div>\n\t\t\t\t\t<\/div>\n\t\t<\/section>\n\t\t\t\t<section class=\"elementor-section elementor-top-section elementor-element elementor-element-95c044a elementor-section-boxed elementor-section-height-default elementor-section-height-default\" data-id=\"95c044a\" data-element_type=\"section\">\n\t\t\t\t\t\t<div class=\"elementor-container elementor-column-gap-default\">\n\t\t\t\t\t<div class=\"elementor-column elementor-col-100 elementor-top-column elementor-element elementor-element-a92100c\" data-id=\"a92100c\" data-element_type=\"column\">\n\t\t\t<div class=\"elementor-widget-wrap elementor-element-populated\">\n\t\t\t\t\t\t<div class=\"elementor-element elementor-element-70028e9 elementor-widget elementor-widget-text-editor\" data-id=\"70028e9\" data-element_type=\"widget\" data-widget_type=\"text-editor.default\">\n\t\t\t\t<div class=\"elementor-widget-container\">\n\t\t\t\t\t\t\t\t\t<p><span style=\"color: #ffffff; letter-spacing: 0px;\">Checkarell ist sexy, wild und lecker&#8230;&#8220;Checkarell &#8211; best videos ever&#8220;.<\/span><\/p><p><span style=\"color: #ffffff; letter-spacing: 0px;\">Aber was genau ist eigentlich Checkarell?<\/span><\/p>\t\t\t\t\t\t\t\t<\/div>\n\t\t\t\t<\/div>\n\t\t\t\t\t<\/div>\n\t\t<\/div>\n\t\t\t\t\t<\/div>\n\t\t<\/section>\n\t\t\t\t<section class=\"elementor-section elementor-top-section elementor-element elementor-element-9e08ea1 elementor-section-boxed elementor-section-height-default elementor-section-height-default\" data-id=\"9e08ea1\" data-element_type=\"section\">\n\t\t\t\t\t\t<div class=\"elementor-container elementor-column-gap-default\">\n\t\t\t\t\t<div class=\"elementor-column elementor-col-100 elementor-top-column elementor-element elementor-element-96c3b39\" data-id=\"96c3b39\" data-element_type=\"column\">\n\t\t\t<div class=\"elementor-widget-wrap elementor-element-populated\">\n\t\t\t\t\t\t<div class=\"elementor-element elementor-element-4b789c8 elementor-widget elementor-widget-video\" data-id=\"4b789c8\" data-element_type=\"widget\" data-settings=\"{&quot;youtube_url&quot;:&quot;https:\\\/\\\/www.youtube.com\\\/watch?v=Feq2Uf36A04&quot;,&quot;video_type&quot;:&quot;youtube&quot;,&quot;controls&quot;:&quot;yes&quot;}\" data-widget_type=\"video.default\">\n\t\t\t\t<div class=\"elementor-widget-container\">\n\t\t\t\t\t\t\t<div class=\"elementor-wrapper elementor-open-inline\">\n\t\t\t<div class=\"elementor-video\"><\/div>\t\t<\/div>\n\t\t\t\t\t\t<\/div>\n\t\t\t\t<\/div>\n\t\t\t\t\t<\/div>\n\t\t<\/div>\n\t\t\t\t\t<\/div>\n\t\t<\/section>\n\t\t\t\t<section class=\"elementor-section elementor-top-section elementor-element elementor-element-87f5af5 elementor-section-boxed elementor-section-height-default elementor-section-height-default\" data-id=\"87f5af5\" data-element_type=\"section\">\n\t\t\t\t\t\t<div class=\"elementor-container elementor-column-gap-default\">\n\t\t\t\t\t<div class=\"elementor-column elementor-col-100 elementor-top-column elementor-element elementor-element-6ea5305\" data-id=\"6ea5305\" data-element_type=\"column\">\n\t\t\t<div class=\"elementor-widget-wrap elementor-element-populated\">\n\t\t\t\t\t\t<div class=\"elementor-element elementor-element-087331c elementor-widget elementor-widget-spacer\" data-id=\"087331c\" data-element_type=\"widget\" data-widget_type=\"spacer.default\">\n\t\t\t\t<div class=\"elementor-widget-container\">\n\t\t\t\t\t\t\t<div class=\"elementor-spacer\">\n\t\t\t<div class=\"elementor-spacer-inner\"><\/div>\n\t\t<\/div>\n\t\t\t\t\t\t<\/div>\n\t\t\t\t<\/div>\n\t\t\t\t\t<\/div>\n\t\t<\/div>\n\t\t\t\t\t<\/div>\n\t\t<\/section>\n\t\t\t\t<section class=\"elementor-section elementor-top-section elementor-element elementor-element-7e14ea8 elementor-section-boxed elementor-section-height-default elementor-section-height-default\" data-id=\"7e14ea8\" data-element_type=\"section\">\n\t\t\t\t\t\t<div class=\"elementor-container elementor-column-gap-default\">\n\t\t\t\t\t<div class=\"elementor-column elementor-col-100 elementor-top-column elementor-element elementor-element-a452177\" data-id=\"a452177\" data-element_type=\"column\">\n\t\t\t<div class=\"elementor-widget-wrap elementor-element-populated\">\n\t\t\t\t\t\t<div class=\"elementor-element elementor-element-635338c elementor-widget elementor-widget-text-editor\" data-id=\"635338c\" data-element_type=\"widget\" data-widget_type=\"text-editor.default\">\n\t\t\t\t<div class=\"elementor-widget-container\">\n\t\t\t\t\t\t\t\t\t<p style=\"text-align: center;\"><span style=\"color: rgb(255, 255, 255); letter-spacing: 0px;\">Checkarell bei BILD TV in Berlin. In 120 Folgen pr\u00e4sentiert Checkarell unglaubliche 239 Lifehacks.<\/span><br><\/p>\n<p style=\"text-align: center;\"><span style=\"color: #ffffff;\">Das Format lief 9 Monate lang t\u00e4glich&nbsp;<\/span><span style=\"color: #ffffff; letter-spacing: 0px;\">(Montag bis Freitag)<\/span><span style=\"color: #ffffff; letter-spacing: 0px;\">&nbsp;bis zu vier Mal bei BILD TV. Was f\u00fcr ein Knaller und was f\u00fcr ein geiler Werbetrailer:<\/span><\/p>\t\t\t\t\t\t\t\t<\/div>\n\t\t\t\t<\/div>\n\t\t\t\t\t<\/div>\n\t\t<\/div>\n\t\t\t\t\t<\/div>\n\t\t<\/section>\n\t\t\t\t<section class=\"elementor-section elementor-top-section elementor-element elementor-element-5b494bb elementor-section-boxed elementor-section-height-default elementor-section-height-default\" data-id=\"5b494bb\" data-element_type=\"section\">\n\t\t\t\t\t\t<div class=\"elementor-container elementor-column-gap-default\">\n\t\t\t\t\t<div class=\"elementor-column elementor-col-100 elementor-top-column elementor-element elementor-element-740a3e4\" data-id=\"740a3e4\" data-element_type=\"column\">\n\t\t\t<div class=\"elementor-widget-wrap elementor-element-populated\">\n\t\t\t\t\t\t<div class=\"elementor-element elementor-element-3cbebb9 elementor-widget elementor-widget-video\" data-id=\"3cbebb9\" data-element_type=\"widget\" data-settings=\"{&quot;youtube_url&quot;:&quot;https:\\\/\\\/www.youtube.com\\\/watch?v=FoLXZzBlO5k&quot;,&quot;video_type&quot;:&quot;youtube&quot;,&quot;controls&quot;:&quot;yes&quot;}\" data-widget_type=\"video.default\">\n\t\t\t\t<div class=\"elementor-widget-container\">\n\t\t\t\t\t\t\t<div class=\"elementor-wrapper elementor-open-inline\">\n\t\t\t<div class=\"elementor-video\"><\/div>\t\t<\/div>\n\t\t\t\t\t\t<\/div>\n\t\t\t\t<\/div>\n\t\t\t\t\t<\/div>\n\t\t<\/div>\n\t\t\t\t\t<\/div>\n\t\t<\/section>\n\t\t\t\t<section class=\"elementor-section elementor-top-section elementor-element elementor-element-1135c2a elementor-section-boxed elementor-section-height-default elementor-section-height-default\" data-id=\"1135c2a\" data-element_type=\"section\">\n\t\t\t\t\t\t<div class=\"elementor-container elementor-column-gap-default\">\n\t\t\t\t\t\t<\/div>\n\t\t<\/section>\n\t\t\t\t<\/div>\n\t\t","protected":false},"excerpt":{"rendered":"<p>Checkarell ist Berlins verr\u00fccktester Videoproduzent und Journalist. ACHTUNG! DIESE VIDEOS MACHEN S\u00dcCHTIG!!! Checkarell ist von Berlin nach New York City gezischt, um unfassbare Videos zu produzieren. Hier sind als Geheimtipp die TOP 10 Sehensw\u00fcrdigkeiten in New York City: https:\/\/www.youtube.com\/watch?v=lT8hsoOZMA0 Checkarell ist sexy, wild und lecker&#8230;&#8220;Checkarell &#8211; best videos ever&#8220;. Aber was genau ist eigentlich Checkarell? https:\/\/www.youtube.com\/watch?v=Feq2Uf36A04 Checkarell bei BILD TV in Berlin. In 120 Folgen pr\u00e4sentiert Checkarell unglaubliche 239 Lifehacks. Das Format lief 9 Monate lang t\u00e4glich&nbsp;(Montag bis Freitag)&nbsp;bis zu vier Mal bei BILD TV. Was f\u00fcr ein Knaller und was f\u00fcr ein geiler Werbetrailer: https:\/\/www.youtube.com\/watch?v=FoLXZzBlO5k<\/p>\n","protected":false},"author":1,"featured_media":0,"parent":0,"menu_order":0,"comment_status":"closed","ping_status":"closed","template":"","meta":{"two_page_speed":[],"footnotes":""},"_links":{"self":[{"href":"https:\/\/checkarell.de\/index.php?rest_route=\/wp\/v2\/pages\/42"}],"collection":[{"href":"https:\/\/checkarell.de\/index.php?rest_route=\/wp\/v2\/pages"}],"about":[{"href":"https:\/\/checkarell.de\/index.php?rest_route=\/wp\/v2\/types\/page"}],"author":[{"embeddable":true,"href":"https:\/\/checkarell.de\/index.php?rest_route=\/wp\/v2\/users\/1"}],"replies":[{"embeddable":true,"href":"https:\/\/checkarell.de\/index.php?rest_route=%2Fwp%2Fv2%2Fcomments&post=42"}],"version-history":[{"count":480,"href":"https:\/\/checkarell.de\/index.php?rest_route=\/wp\/v2\/pages\/42\/revisions"}],"predecessor-version":[{"id":1248,"href":"https:\/\/checkarell.de\/index.php?rest_route=\/wp\/v2\/pages\/42\/revisions\/1248"}],"wp:attachment":[{"href":"https:\/\/checkarell.de\/index.php?rest_route=%2Fwp%2Fv2%2Fmedia&parent=42"}],"curies":[{"name":"wp","href":"https:\/\/api.w.org\/{rel}","templated":true}]}}